{"id":249,"date":"2022-12-02T07:23:24","date_gmt":"2022-12-02T00:23:24","guid":{"rendered":"https:\/\/tuyendung.edu.vn\/blog\/?page_id=249"},"modified":"2022-12-07T10:36:55","modified_gmt":"2022-12-07T03:36:55","slug":"lien-he","status":"publish","type":"page","link":"https:\/\/tuyendung.edu.vn\/blog\/lien-he","title":{"rendered":"Li\u00ean h\u1ec7"},"content":{"rendered":"<p><strong>Th\u00f4ng tin li\u00ean h\u1ec7<\/strong><\/p>\n<ul class=\"list-has-icon font-smd\">\n<li><i class=\"icon-home-bold icon text-primary\"><\/i><strong><span class=\"_label text-gray\">Trang th\u00f4ng tin tuy\u1ec3n d\u1ee5ng v\u00e0 \u0111\u00e0o t\u1ea1o nh\u00e2n l\u1ef1c Vi\u1ec7t Nam<\/span><\/strong><\/li>\n<li><span class=\"_label text-gray\">\u0110i\u1ec7n tho\u1ea1i: <\/span><a href=\"tel:0766666672\">07.666.666.72<\/a><\/li>\n<li><i class=\"icon-sms-bold icon text-primary\"><\/i><span class=\"_label text-gray\">Email: <\/span><a href=\"mailto:contact@tuyendung.edu.vn\">contact@tuyendung.edu.vn<\/a><\/li>\n<li><i class=\"icon-global-bold icon text-primary\"><\/i><span class=\"_label text-gray\">Website: <\/span><a href=\"https:\/\/tuyendung.edu.vn\">https:\/\/tuyendung.edu.vn<\/a><\/li>\n<li><i class=\"icon-map-bold icon text-primary\"><\/i><span class=\"_label text-gray\">\u0110\u1ecba ch\u1ec9: <\/span>69 Nguy\u1ec5n Sinh S\u1eafc, Ph\u01b0\u1eddng H\u00f2a Minh, Qu\u1eadn Li\u00ean Chi\u1ec3u, Th\u00e0nh Ph\u1ed1 \u0110\u00e0 N\u1eb5ng<\/li>\n<\/ul>\n","protected":false},"excerpt":{"rendered":"<p>Th\u00f4ng tin li\u00ean h\u1ec7 Trang th\u00f4ng tin tuy\u1ec3n d\u1ee5ng v\u00e0 \u0111\u00e0o t\u1ea1o nh\u00e2n l\u1ef1c Vi\u1ec7t Nam \u0110i\u1ec7n tho\u1ea1i: 07.666.666.72 Email: contact@tuyendung.edu.vn Website: https:\/\/tuyendung.edu.vn \u0110\u1ecba ch\u1ec9: 69 Nguy\u1ec5n Sinh S\u1eafc, Ph\u01b0\u1eddng H\u00f2a Minh, Qu\u1eadn Li\u00ean Chi\u1ec3u, Th\u00e0nh Ph\u1ed1 \u0110\u00e0 N\u1eb5ng<\/p>\n","protected":false},"author":1,"featured_media":0,"parent":0,"menu_order":0,"comment_status":"closed","ping_status":"closed","template":"","meta":{"footnotes":""},"class_list":["post-249","page","type-page","status-publish","hentry"],"acf":[],"_links":{"self":[{"href":"https:\/\/tuyendung.edu.vn\/blog\/wp-json\/wp\/v2\/pages\/249","targetHints":{"allow":["GET"]}}],"collection":[{"href":"https:\/\/tuyendung.edu.vn\/blog\/wp-json\/wp\/v2\/pages"}],"about":[{"href":"https:\/\/tuyendung.edu.vn\/blog\/wp-json\/wp\/v2\/types\/page"}],"author":[{"embeddable":true,"href":"https:\/\/tuyendung.edu.vn\/blog\/wp-json\/wp\/v2\/users\/1"}],"replies":[{"embeddable":true,"href":"https:\/\/tuyendung.edu.vn\/blog\/wp-json\/wp\/v2\/comments?post=249"}],"version-history":[{"count":4,"href":"https:\/\/tuyendung.edu.vn\/blog\/wp-json\/wp\/v2\/pages\/249\/revisions"}],"predecessor-version":[{"id":465,"href":"https:\/\/tuyendung.edu.vn\/blog\/wp-json\/wp\/v2\/pages\/249\/revisions\/465"}],"wp:attachment":[{"href":"https:\/\/tuyendung.edu.vn\/blog\/wp-json\/wp\/v2\/media?parent=249"}],"curies":[{"name":"wp","href":"https:\/\/api.w.org\/{rel}","templated":true}]}}